{"id":1686,"date":"2025-11-07T16:02:07","date_gmt":"2025-11-07T16:02:07","guid":{"rendered":"https:\/\/new.terrasdepena.com\/?page_id=1686"},"modified":"2025-11-07T18:21:50","modified_gmt":"2025-11-07T18:21:50","slug":"sustentabilidade-e-inovacao","status":"publish","type":"page","link":"https:\/\/new.terrasdepena.com\/en\/sustentabilidade-e-inovacao\/","title":{"rendered":"Sustainability and Innovation"},"content":{"rendered":"<div data-elementor-type=\"wp-page\" data-elementor-id=\"1686\" class=\"elementor elementor-1686\">\n\t\t\t\t\t\t<section class=\"elementor-section elementor-top-section elementor-element elementor-element-a41e2b2 elementor-section-full_width elementor-section-height-default elementor-section-height-default\" data-id=\"a41e2b2\" data-element_type=\"section\">\n\t\t\t\t\t\t<div class=\"elementor-container elementor-column-gap-no\">\n\t\t\t\t\t<div class=\"elementor-column elementor-col-100 elementor-top-column elementor-element elementor-element-97c067e\" data-id=\"97c067e\" data-element_type=\"column\">\n\t\t\t<div class=\"elementor-widget-wrap elementor-element-populated\">\n\t\t\t\t\t\t<div class=\"elementor-element elementor-element-4f6d00e elementor-widget elementor-widget-larson-intro\" data-id=\"4f6d00e\" data-element_type=\"widget\" data-widget_type=\"larson-intro.default\">\n\t\t\t\t<div class=\"elementor-widget-container\">\n\t\t\t\t\t\n\t\t<article class=\"article\">\n\t        <header class=\"article__header\">\n\t          <div class=\"container\">\n\t            \t            <h1 class=\"article__heading heading heading--size-large\">\n\t            \t<span >\n\t\t\t\t\t\tSustainability and Innovation\n\n\t\t\t\t\t<\/span>\n\t            <\/h1>\n\t            \t            \t            <div class=\"article__header-text\">\n\t            \t<span >\n\t\t\t\t\t\tResponsabilidade ambiental, impacto social e inova\u00e7\u00e3o tecnol\u00f3gica ao servi\u00e7o do territ\u00f3rio.\n\n\t\t\t\t\t<\/span>\n\t            <\/div>\n\t            \t          <\/div>\n\t        <\/header>\n\t        \t        <div class=\"article__about-hero container\">\n\t          <img decoding=\"async\" src=\"https:\/\/new.terrasdepena.com\/wp-content\/uploads\/2025\/11\/pena-park-hotel-03-1920x1080.jpg\" alt=\"\" \/>\n\t        <\/div>\n\t        \t    <\/article>\n\n\t\t\t\t\t\t<\/div>\n\t\t\t\t<\/div>\n\t\t\t\t\t<\/div>\n\t\t<\/div>\n\t\t\t\t\t<\/div>\n\t\t<\/section>\n\t\t\t\t<section class=\"elementor-section elementor-top-section elementor-element elementor-element-4c57874 elementor-section-full_width elementor-section-height-default elementor-section-height-default\" data-id=\"4c57874\" data-element_type=\"section\">\n\t\t\t\t\t\t<div class=\"elementor-container elementor-column-gap-no\">\n\t\t\t\t\t<div class=\"elementor-column elementor-col-100 elementor-top-column elementor-element elementor-element-362f2fe\" data-id=\"362f2fe\" data-element_type=\"column\">\n\t\t\t<div class=\"elementor-widget-wrap elementor-element-populated\">\n\t\t\t\t\t\t<div class=\"elementor-element elementor-element-fae3345 elementor-widget elementor-widget-larson-about-description\" data-id=\"fae3345\" data-element_type=\"widget\" data-widget_type=\"larson-about-description.default\">\n\t\t\t\t<div class=\"elementor-widget-container\">\n\t\t\t\t\t\n\t\t<section class=\"webpage__about-block about-block about-block--columns\">\n          <div class=\"about-block__inner container\">\n                                    <div class=\"about-block__main\">\n                            <div class=\"about-block__text\" data-aos=\"fade\">\n                <div >\n\t\t\t\t\t<article class=\"text-token-text-primary w-full focus:outline-none [--shadow-height:45px] has-data-writing-block:pointer-events-none has-data-writing-block:-mt-(--shadow-height) has-data-writing-block:pt-(--shadow-height) [&amp;:has([data-writing-block])&gt;*]:pointer-events-auto [content-visibility:auto] supports-[content-visibility:auto]:[contain-intrinsic-size:auto_100lvh] scroll-mt-[calc(var(--header-height)+min(200px,max(70px,20svh)))]\" dir=\"auto\" data-turn-id=\"request-WEB:363a7092-72bb-47fe-9247-bb5a0b2c5ad1-34\" data-testid=\"conversation-turn-4\" data-scroll-anchor=\"true\" data-turn=\"assistant\"><div class=\"text-base my-auto mx-auto pb-10 [--thread-content-margin:--spacing(4)] thread-sm:[--thread-content-margin:--spacing(6)] thread-lg:[--thread-content-margin:--spacing(16)] px-(--thread-content-margin)\"><div class=\"[--thread-content-max-width:40rem] thread-lg:[--thread-content-max-width:48rem] mx-auto max-w-(--thread-content-max-width) flex-1 group\/turn-messages focus-visible:outline-hidden relative flex w-full min-w-0 flex-col agent-turn\"><div class=\"flex max-w-full flex-col grow\"><div class=\"min-h-8 text-message relative flex w-full flex-col items-end gap-2 text-start break-words whitespace-normal [.text-message+&amp;]:mt-1\" dir=\"auto\" data-message-author-role=\"assistant\" data-message-id=\"edf873cd-a201-4c19-9ebb-39b98c73810a\" data-message-model-slug=\"gpt-4o-mini\"><div class=\"flex w-full flex-col gap-1 empty:hidden first:pt-[1px]\"><div class=\"markdown prose dark:prose-invert w-full break-words dark markdown-new-styling\"><p data-start=\"0\" data-end=\"94\"><strong data-start=\"0\" data-end=\"94\">Responsabilidade Ambiental, Impacto Social e Inova\u00e7\u00e3o Tecnol\u00f3gica ao Servi\u00e7o do Territ\u00f3rio<\/strong><\/p><p data-start=\"96\" data-end=\"443\">No Grupo Terras de Pena, acreditamos que o verdadeiro crescimento s\u00f3 \u00e9 poss\u00edvel quando conseguimos harmonizar as necessidades do ambiente, das pessoas e da economia. A nossa miss\u00e3o \u00e9 promover a sustentabilidade em todas as nossas a\u00e7\u00f5es, guiados por um compromisso inabal\u00e1vel com o respeito pelo territ\u00f3rio e pelas comunidades que dele fazem parte.<\/p><p data-start=\"445\" data-end=\"869\">Trabalhamos com a convic\u00e7\u00e3o de que a inova\u00e7\u00e3o \u00e9 uma ferramenta essencial para o progresso. Aplicamos solu\u00e7\u00f5es tecnol\u00f3gicas que n\u00e3o s\u00f3 impulsionam a nossa evolu\u00e7\u00e3o, mas tamb\u00e9m contribuem para um futuro mais sustent\u00e1vel, criando valor para todos os envolvidos. Cada iniciativa do nosso grupo \u00e9 pensada para gerar um impacto positivo, sempre em equil\u00edbrio com a natureza e com os princ\u00edpios \u00e9ticos que norteiam a nossa atua\u00e7\u00e3o.<\/p><p data-start=\"871\" data-end=\"1012\" data-is-last-node=\"\" data-is-only-node=\"\">O nosso foco est\u00e1 no desenvolvimento respons\u00e1vel, onde cada passo \u00e9 dado com o intuito de criar um legado duradouro para as gera\u00e7\u00f5es futuras.<\/p><\/div><\/div><\/div><\/div><div class=\"z-0 flex min-h-[46px] justify-start\">\u00a0<\/div><div class=\"mt-3 w-full empty:hidden\"><div class=\"text-center\">\u00a0<\/div><\/div><\/div><\/div><\/article><div class=\"pointer-events-none h-px w-px\" aria-hidden=\"true\" data-edge=\"true\">\u00a0<\/div>\t\t\t\t<\/div>\n              <\/div>\n                                        <\/div>\n                      <\/div>\n        <\/section>\n\n\t\t\t\t\t\t<\/div>\n\t\t\t\t<\/div>\n\t\t\t\t\t<\/div>\n\t\t<\/div>\n\t\t\t\t\t<\/div>\n\t\t<\/section>\n\t\t\t\t<section class=\"elementor-section elementor-top-section elementor-element elementor-element-8181688 elementor-section-full_width elementor-section-height-default elementor-section-height-default\" data-id=\"8181688\" data-element_type=\"section\">\n\t\t\t\t\t\t<div class=\"elementor-container elementor-column-gap-no\">\n\t\t\t\t\t<div class=\"elementor-column elementor-col-100 elementor-top-column elementor-element elementor-element-76ac2e0\" data-id=\"76ac2e0\" data-element_type=\"column\">\n\t\t\t<div class=\"elementor-widget-wrap elementor-element-populated\">\n\t\t\t\t\t\t<div class=\"elementor-element elementor-element-b500d0e elementor-widget elementor-widget-larson-intro\" data-id=\"b500d0e\" data-element_type=\"widget\" data-widget_type=\"larson-intro.default\">\n\t\t\t\t<div class=\"elementor-widget-container\">\n\t\t\t\t\t\n\t\t<article class=\"article\">\n\t        <header class=\"article__header\">\n\t          <div class=\"container\">\n\t            \t            <h1 class=\"article__heading heading heading--size-large\">\n\t            \t<span >\n\t\t\t\t\t\tManifesto de Sustentabilidade\t\t\t\t\t<\/span>\n\t            <\/h1>\n\t            \t            \t            <div class=\"article__header-text\">\n\t            \t<span >\n\t\t\t\t\t\t\n\t\t\t\t\t<\/span>\n\t            <\/div>\n\t            \t          <\/div>\n\t        <\/header>\n\t        \t    <\/article>\n\n\t\t\t\t\t\t<\/div>\n\t\t\t\t<\/div>\n\t\t\t\t<div class=\"elementor-element elementor-element-6cb7213 elementor-widget elementor-widget-larson-services-list\" data-id=\"6cb7213\" data-element_type=\"widget\" data-widget_type=\"larson-services-list.default\">\n\t\t\t\t<div class=\"elementor-widget-container\">\n\t\t\t\t\t\n\t\t<div class=\"article__main container\">\n                    <section class=\"services-list\">\n          \t            <div class=\"services-list__item service-card\" data-aos=\"fade\">\n              <div class=\"service-card__inner\">\n                <div class=\"service-card__left\">\n                                    <div class=\"service-card__text\">\n                  \t<div >\n\t\t\t\t\t\t<ul><li>Produ\u00e7\u00e3o e consumo de energia renov\u00e1vel.<\/li><li>Reaproveitamento de \u00e1gua e gest\u00e3o eficiente de recursos naturais.<\/li><li>Compostagem e valoriza\u00e7\u00e3o de res\u00edduos org\u00e2nicos.<\/li><li>Redu\u00e7\u00e3o de res\u00edduos e elimina\u00e7\u00e3o progressiva de pl\u00e1sticos descart\u00e1veis.<\/li><\/ul>\t\t\t\t\t<\/div>\n                  <\/div>\n                  \t\t\t\t                  <\/div>\n                <div class=\"service-card__right\">\n                                    <img decoding=\"async\" src=\"https:\/\/new.terrasdepena.com\/wp-content\/uploads\/2021\/06\/1@2x-3.jpg\" alt=\"\" \/>\n                                    <div class=\"service-card__detail\">\n                                                            <h2 class=\"service-card__heading\">\n                    \t<span >\n\t\t\t\t\t\t\tAmbiental\n\t\t\t\t\t\t<\/span>\n                    <\/h2>\n                                                          <\/div>\n                <\/div>\n              <\/div>\n            <\/div>\n                        <div class=\"services-list__item service-card service-card--reverse\" data-aos=\"fade\">\n              <div class=\"service-card__inner\">\n                <div class=\"service-card__left\">\n                                    <div class=\"service-card__text\">\n                  \t<div >\n\t\t\t\t\t\t<ul><li data-start=\"1087\" data-end=\"1151\"><p data-start=\"1089\" data-end=\"1151\"><strong data-start=\"1089\" data-end=\"1117\">Cria\u00e7\u00e3o de emprego local<\/strong>\u00a0e promo\u00e7\u00e3o de talento regional.<\/p><\/li><li data-start=\"1152\" data-end=\"1228\"><p data-start=\"1154\" data-end=\"1228\">Programas internos de desenvolvimento, como\u00a0<strong data-start=\"1198\" data-end=\"1206\">ASAS<\/strong>\u00a0e\u00a0<strong data-start=\"1209\" data-end=\"1225\">Park Academy<\/strong>.<\/p><\/li><li data-start=\"1229\" data-end=\"1300\"><p data-start=\"1231\" data-end=\"1300\"><strong data-start=\"1231\" data-end=\"1253\">Apoio \u00e0 comunidade<\/strong>\u00a0atrav\u00e9s de iniciativas culturais e solid\u00e1rias.<\/p><\/li><\/ul>\t\t\t\t\t<\/div>\n                  <\/div>\n                  \t\t\t\t                  <\/div>\n                <div class=\"service-card__right\">\n                                    <img decoding=\"async\" src=\"https:\/\/new.terrasdepena.com\/wp-content\/uploads\/2021\/06\/2@2x-3.jpg\" alt=\"\" \/>\n                                    <div class=\"service-card__detail\">\n                                                            <h2 class=\"service-card__heading\">\n                    \t<span >\n\t\t\t\t\t\t\tSocial\t\t\t\t\t\t<\/span>\n                    <\/h2>\n                                                          <\/div>\n                <\/div>\n              <\/div>\n            <\/div>\n                        <div class=\"services-list__item service-card\" data-aos=\"fade\">\n              <div class=\"service-card__inner\">\n                <div class=\"service-card__left\">\n                                    <div class=\"service-card__text\">\n                  \t<div >\n\t\t\t\t\t\t<ul><li data-start=\"1321\" data-end=\"1392\"><p data-start=\"1323\" data-end=\"1392\"><strong data-start=\"1323\" data-end=\"1354\">Desenvolvimento territorial<\/strong>\u00a0e dinamiza\u00e7\u00e3o das economias locais.<\/p><\/li><li data-start=\"1393\" data-end=\"1464\"><p data-start=\"1395\" data-end=\"1464\"><strong data-start=\"1395\" data-end=\"1419\">Inova\u00e7\u00e3o tecnol\u00f3gica<\/strong>\u00a0como base da efici\u00eancia e competitividade.<\/p><\/li><li data-start=\"1465\" data-end=\"1540\"><p data-start=\"1467\" data-end=\"1540\"><strong data-start=\"1467\" data-end=\"1493\">Parcerias estrat\u00e9gicas<\/strong>\u00a0que refor\u00e7am a sustentabilidade a longo prazo.<\/p><\/li><\/ul>\t\t\t\t\t<\/div>\n                  <\/div>\n                  \t\t\t\t                  <\/div>\n                <div class=\"service-card__right\">\n                                    <img decoding=\"async\" src=\"https:\/\/new.terrasdepena.com\/wp-content\/uploads\/2021\/06\/3@2x-3.jpg\" alt=\"\" \/>\n                                    <div class=\"service-card__detail\">\n                                                            <h2 class=\"service-card__heading\">\n                    \t<span >\n\t\t\t\t\t\t\tEcon\u00f3mico\t\t\t\t\t\t<\/span>\n                    <\/h2>\n                                                          <\/div>\n                <\/div>\n              <\/div>\n            <\/div>\n                      <\/section>\n                  <\/div>\n\n\t\t\t\t\t\t<\/div>\n\t\t\t\t<\/div>\n\t\t\t\t\t<\/div>\n\t\t<\/div>\n\t\t\t\t\t<\/div>\n\t\t<\/section>\n\t\t<div class=\"elementor-element elementor-element-a985975 e-flex e-con-boxed e-con e-parent\" data-id=\"a985975\" data-element_type=\"container\">\n\t\t\t\t\t<div class=\"e-con-inner\">\n\t\t\t\t\t<\/div>\n\t\t\t\t<\/div>\n\t\t\t\t<section class=\"elementor-section elementor-top-section elementor-element elementor-element-690bfeb elementor-section-full_width elementor-section-height-default elementor-section-height-default\" data-id=\"690bfeb\" data-element_type=\"section\">\n\t\t\t\t\t\t<div class=\"elementor-container elementor-column-gap-no\">\n\t\t\t\t\t<div class=\"elementor-column elementor-col-100 elementor-top-column elementor-element elementor-element-776c64c\" data-id=\"776c64c\" data-element_type=\"column\">\n\t\t\t<div class=\"elementor-widget-wrap elementor-element-populated\">\n\t\t\t\t\t\t<div class=\"elementor-element elementor-element-b772915 elementor-widget elementor-widget-larson-about-description\" data-id=\"b772915\" data-element_type=\"widget\" data-widget_type=\"larson-about-description.default\">\n\t\t\t\t<div class=\"elementor-widget-container\">\n\t\t\t\t\t\n\t\t<section class=\"webpage__about-block about-block about-block--columns\">\n          <div class=\"about-block__inner container\">\n                                    <div class=\"about-block__main\">\n                            <div class=\"about-block__text\" data-aos=\"fade\">\n                <div >\n\t\t\t\t\t<div class=\"elementor-element elementor-element-df8c4da e-flex e-con-boxed e-con e-parent e-lazyloaded\" data-id=\"df8c4da\" data-element_type=\"container\"><div class=\"e-con-inner\"><div class=\"elementor-element elementor-element-5848373 elementor-widget elementor-widget-text-editor\" data-id=\"5848373\" data-element_type=\"widget\" data-widget_type=\"text-editor.default\"><blockquote data-start=\"1591\" data-end=\"1678\"><p data-start=\"1593\" data-end=\"1678\">Acreditamos que a inova\u00e7\u00e3o s\u00f3 \u00e9 verdadeira quando respeita as ra\u00edzes de onde nasce.<\/p><\/blockquote><\/div><\/div><\/div><section class=\"elementor-section elementor-top-section elementor-element elementor-element-28e950c elementor-section-boxed elementor-section-height-default elementor-section-height-default\" data-id=\"28e950c\" data-element_type=\"section\" data-settings=\"{&quot;background_background&quot;:&quot;classic&quot;}\"><div class=\"elementor-container elementor-column-gap-default\"><div class=\"elementor-column elementor-col-100 elementor-top-column elementor-element elementor-element-bde7f07\" data-id=\"bde7f07\" data-element_type=\"column\" data-settings=\"{&quot;background_background&quot;:&quot;classic&quot;}\">\u00a0<\/div><\/div><\/section>\t\t\t\t<\/div>\n              <\/div>\n                                        <\/div>\n                      <\/div>\n        <\/section>\n\n\t\t\t\t\t\t<\/div>\n\t\t\t\t<\/div>\n\t\t\t\t\t<\/div>\n\t\t<\/div>\n\t\t\t\t\t<\/div>\n\t\t<\/section>\n\t\t\t\t<\/div>\n\t\t\n    <div class=\"xs_social_share_widget xs_share_url after_content \t\tmain_content  wslu-style-1 wslu-share-box-shaped wslu-fill-colored wslu-none wslu-share-horizontal wslu-theme-font-no wslu-main_content\">\n\n\t\t\n        <ul>\n\t\t\t        <\/ul>\n    <\/div>","protected":false},"excerpt":{"rendered":"<p>Sustentabilidade e Inova\u00e7\u00e3o Responsabilidade ambiental, impacto social e inova\u00e7\u00e3o tecnol\u00f3gica ao servi\u00e7o do territ\u00f3rio. Responsabilidade Ambiental, Impacto Social e Inova\u00e7\u00e3o Tecnol\u00f3gica ao Servi\u00e7o do Territ\u00f3rio No Grupo Terras de Pena, acreditamos que o verdadeiro crescimento s\u00f3 \u00e9 poss\u00edvel quando conseguimos harmonizar as necessidades do ambiente, das pessoas e da economia&#8230;. <\/p>\n<div class=\"readmore\"><a href=\"https:\/\/new.terrasdepena.com\/en\/sustentabilidade-e-inovacao\/\" class=\"btn-link\">Read more<\/a><\/div>","protected":false},"author":1,"featured_media":0,"parent":0,"menu_order":0,"comment_status":"closed","ping_status":"closed","template":"template-elementor-default.php","meta":{"_acf_changed":false,"_eb_attr":"","postBodyCss":"","postBodyMargin":[],"postBodyPadding":[],"postBodyBackground":{"backgroundType":"classic","gradient":""},"footnotes":""},"class_list":["post-1686","page","type-page","status-publish","hentry"],"acf":[],"_links":{"self":[{"href":"https:\/\/new.terrasdepena.com\/en\/wp-json\/wp\/v2\/pages\/1686","targetHints":{"allow":["GET"]}}],"collection":[{"href":"https:\/\/new.terrasdepena.com\/en\/wp-json\/wp\/v2\/pages"}],"about":[{"href":"https:\/\/new.terrasdepena.com\/en\/wp-json\/wp\/v2\/types\/page"}],"author":[{"embeddable":true,"href":"https:\/\/new.terrasdepena.com\/en\/wp-json\/wp\/v2\/users\/1"}],"replies":[{"embeddable":true,"href":"https:\/\/new.terrasdepena.com\/en\/wp-json\/wp\/v2\/comments?post=1686"}],"version-history":[{"count":10,"href":"https:\/\/new.terrasdepena.com\/en\/wp-json\/wp\/v2\/pages\/1686\/revisions"}],"predecessor-version":[{"id":1785,"href":"https:\/\/new.terrasdepena.com\/en\/wp-json\/wp\/v2\/pages\/1686\/revisions\/1785"}],"wp:attachment":[{"href":"https:\/\/new.terrasdepena.com\/en\/wp-json\/wp\/v2\/media?parent=1686"}],"curies":[{"name":"wp","href":"https:\/\/api.w.org\/{rel}","templated":true}]}}