{"id":1575,"date":"2025-11-07T14:09:13","date_gmt":"2025-11-07T14:09:13","guid":{"rendered":"https:\/\/new.terrasdepena.com\/?page_id=1575"},"modified":"2025-11-07T14:54:45","modified_gmt":"2025-11-07T14:54:45","slug":"pena-park-hotel","status":"publish","type":"page","link":"https:\/\/new.terrasdepena.com\/en\/pena-park-hotel\/","title":{"rendered":"Pena Park Hotel"},"content":{"rendered":"<div data-elementor-type=\"wp-page\" data-elementor-id=\"1575\" class=\"elementor elementor-1575\">\n\t\t\t\t\t\t<section class=\"elementor-section elementor-top-section elementor-element elementor-element-a41e2b2 elementor-section-full_width elementor-section-height-default elementor-section-height-default\" data-id=\"a41e2b2\" data-element_type=\"section\">\n\t\t\t\t\t\t<div class=\"elementor-container elementor-column-gap-no\">\n\t\t\t\t\t<div class=\"elementor-column elementor-col-100 elementor-top-column elementor-element elementor-element-97c067e\" data-id=\"97c067e\" data-element_type=\"column\">\n\t\t\t<div class=\"elementor-widget-wrap elementor-element-populated\">\n\t\t\t\t\t\t<div class=\"elementor-element elementor-element-4f6d00e elementor-widget__width-initial elementor-widget elementor-widget-larson-intro\" data-id=\"4f6d00e\" data-element_type=\"widget\" data-widget_type=\"larson-intro.default\">\n\t\t\t\t<div class=\"elementor-widget-container\">\n\t\t\t\t\t\n\t\t<article class=\"article\">\n\t        <header class=\"article__header\">\n\t          <div class=\"container\">\n\t            \t            \t          <\/div>\n\t        <\/header>\n\t        \t        <div class=\"article__about-hero container\">\n\t          <img decoding=\"async\" src=\"https:\/\/new.terrasdepena.com\/wp-content\/uploads\/2025\/11\/pena-park-hotel-03-1920x1080.jpg\" alt=\"\" \/>\n\t        <\/div>\n\t        \t    <\/article>\n\n\t\t\t\t\t\t<\/div>\n\t\t\t\t<\/div>\n\t\t\t\t\t<\/div>\n\t\t<\/div>\n\t\t\t\t\t<\/div>\n\t\t<\/section>\n\t\t\t\t<section class=\"elementor-section elementor-top-section elementor-element elementor-element-4c57874 elementor-section-full_width elementor-section-height-default elementor-section-height-default\" data-id=\"4c57874\" data-element_type=\"section\">\n\t\t\t\t\t\t<div class=\"elementor-container elementor-column-gap-no\">\n\t\t\t\t\t<div class=\"elementor-column elementor-col-100 elementor-top-column elementor-element elementor-element-362f2fe\" data-id=\"362f2fe\" data-element_type=\"column\">\n\t\t\t<div class=\"elementor-widget-wrap elementor-element-populated\">\n\t\t\t\t\t\t<div class=\"elementor-element elementor-element-fae3345 elementor-widget elementor-widget-larson-about-description\" data-id=\"fae3345\" data-element_type=\"widget\" data-widget_type=\"larson-about-description.default\">\n\t\t\t\t<div class=\"elementor-widget-container\">\n\t\t\t\t\t\n\t\t<section class=\"webpage__about-block about-block about-block--columns\">\n          <div class=\"about-block__inner container\">\n                        <header class=\"about-block__header\" data-aos=\"fade\">\n              <h2 class=\"about-block__heading heading\">\n              \t<span >\n\t\t\t\t\tPena Park Hotel\t\t\t\t<\/span>\n              <\/h2>\n            <\/header>\n                                    <div class=\"about-block__main\">\n                            <div class=\"about-block__text\" data-aos=\"fade\">\n                <div >\n\t\t\t\t\t<p data-start=\"23\" data-end=\"352\">O <em data-start=\"25\" data-end=\"42\">Pena Park Hotel<\/em> \u00e9 o projeto fundador do Grupo Terras de Pena e a express\u00e3o da sua vis\u00e3o de sustentabilidade, inova\u00e7\u00e3o e valoriza\u00e7\u00e3o do territ\u00f3rio. Situado na serra de Ribeira de Pena, o hotel distingue-se como uma unidade de montanha sustent\u00e1vel, concebida para integrar conforto, natureza e tecnologia de forma harmoniosa.<\/p><p data-start=\"354\" data-end=\"790\">Desde a sua cria\u00e7\u00e3o, o <em data-start=\"377\" data-end=\"394\">Pena Park Hotel<\/em> tem vindo a afirmar-se como uma refer\u00eancia nacional em turismo sustent\u00e1vel. A sua estrat\u00e9gia baseia-se no programa <strong data-start=\"510\" data-end=\"545\">Recall \u2013 Triple Helix of Change<\/strong>, que estrutura a atua\u00e7\u00e3o em tr\u00eas eixos fundamentais \u2014 <strong data-start=\"600\" data-end=\"631\">Planeta, Pessoas e Economia<\/strong> \u2014 e orienta pol\u00edticas concretas nas \u00e1reas da efici\u00eancia energ\u00e9tica, neutralidade carb\u00f3nica, consumo respons\u00e1vel, desenvolvimento social e economia circular.<\/p><p data-start=\"792\" data-end=\"1094\">O compromisso com a sustentabilidade \u00e9 tamb\u00e9m reconhecido externamente atrav\u00e9s de certifica\u00e7\u00f5es de prest\u00edgio, como o <strong data-start=\"909\" data-end=\"947\">R\u00f3tulo Ecol\u00f3gico da Uni\u00e3o Europeia<\/strong>, a <strong data-start=\"951\" data-end=\"964\">Green Key<\/strong>, a <strong data-start=\"968\" data-end=\"980\">ISO 9001<\/strong> e o selo <strong data-start=\"990\" data-end=\"1021\">Unidos Contra o Desperd\u00edcio<\/strong>, que validam a qualidade e a transpar\u00eancia das pr\u00e1ticas implementadas.<\/p><p data-start=\"1096\" data-end=\"1512\">No \u00e2mbito do programa <strong data-start=\"1118\" data-end=\"1159\">Turismo 360\u00ba \u2013 Sustainability Engaged<\/strong>, o <em data-start=\"1163\" data-end=\"1180\">Pena Park Hotel<\/em> \u00e9 uma das <strong data-start=\"1191\" data-end=\"1245\">100 empresas reconhecidas pelo Turismo de Portugal<\/strong> pela sua atua\u00e7\u00e3o exemplar em crit\u00e9rios <strong data-start=\"1285\" data-end=\"1331\">ESG (Environmental, Social and Governance)<\/strong>. Utiliza a plataforma <strong data-start=\"1354\" data-end=\"1364\">FOREST<\/strong> para reportar de forma transparente as suas pr\u00e1ticas sustent\u00e1veis, refor\u00e7ando o compromisso com uma gest\u00e3o respons\u00e1vel e orientada para o futuro.<\/p><p data-start=\"1514\" data-end=\"1900\">Atrav\u00e9s do manifesto <strong data-start=\"1535\" data-end=\"1551\">Triple Helix<\/strong>, o hotel promove o equil\u00edbrio entre turismo, ambiente e comunidade, adotando energias renov\u00e1veis, reduzindo o impacto ambiental e incentivando a economia local. Esta abordagem, alinhada com os <strong data-start=\"1745\" data-end=\"1807\">Objetivos de Desenvolvimento Sustent\u00e1vel das Na\u00e7\u00f5es Unidas<\/strong>, reflete uma vis\u00e3o clara: criar valor econ\u00f3mico e social preservando o patrim\u00f3nio natural.<\/p><p data-start=\"1902\" data-end=\"2128\">O <em data-start=\"1904\" data-end=\"1921\">Pena Park Hotel<\/em> \u00e9, assim, um s\u00edmbolo da forma como o Grupo Terras de Pena integra sustentabilidade e inova\u00e7\u00e3o, demonstrando que o desenvolvimento do turismo pode e deve ser feito em equil\u00edbrio com o planeta e as pessoas.<\/p>\t\t\t\t<\/div>\n              <\/div>\n                                        <\/div>\n                      <\/div>\n        <\/section>\n\n\t\t\t\t\t\t<\/div>\n\t\t\t\t<\/div>\n\t\t\t\t<div class=\"elementor-element elementor-element-2f83182 elementor-widget__width-inherit elementor-widget elementor-widget-eael-creative-button\" data-id=\"2f83182\" data-element_type=\"widget\" data-widget_type=\"eael-creative-button.default\">\n\t\t\t\t\t        <div class=\"eael-creative-button-wrapper\">\n\n            <a class=\"eael-creative-button eael-creative-button--default\" href=\"#\" data-text=\"Go!\">\n            \t    \n                <div class=\"creative-button-inner\">\n\n                    \n                    <span class=\"cretive-button-text\">Website Pena Park Hotel<\/span>\n\n                                    <\/div>\n\t                        <\/a>\n        <\/div>\n        \t\t\t\t<\/div>\n\t\t\t\t\t<\/div>\n\t\t<\/div>\n\t\t\t\t\t<\/div>\n\t\t<\/section>\n\t\t\t\t<\/div>\n\t\t\n    <div class=\"xs_social_share_widget xs_share_url after_content \t\tmain_content  wslu-style-1 wslu-share-box-shaped wslu-fill-colored wslu-none wslu-share-horizontal wslu-theme-font-no wslu-main_content\">\n\n\t\t\n        <ul>\n\t\t\t        <\/ul>\n    <\/div>","protected":false},"excerpt":{"rendered":"<p>Pena Park Hotel O Pena Park Hotel \u00e9 o projeto fundador do Grupo Terras de Pena e a express\u00e3o da sua vis\u00e3o de sustentabilidade, inova\u00e7\u00e3o e valoriza\u00e7\u00e3o do territ\u00f3rio. Situado na serra de Ribeira de Pena, o hotel distingue-se como uma unidade de montanha sustent\u00e1vel, concebida para integrar conforto, natureza&#8230; <\/p>\n<div class=\"readmore\"><a href=\"https:\/\/new.terrasdepena.com\/en\/pena-park-hotel\/\" class=\"btn-link\">Read more<\/a><\/div>","protected":false},"author":1,"featured_media":0,"parent":0,"menu_order":0,"comment_status":"closed","ping_status":"closed","template":"template-elementor-default.php","meta":{"_acf_changed":false,"_eb_attr":"","postBodyCss":"","postBodyMargin":[],"postBodyPadding":[],"postBodyBackground":{"backgroundType":"classic","gradient":""},"footnotes":""},"class_list":["post-1575","page","type-page","status-publish","hentry"],"acf":[],"_links":{"self":[{"href":"https:\/\/new.terrasdepena.com\/en\/wp-json\/wp\/v2\/pages\/1575","targetHints":{"allow":["GET"]}}],"collection":[{"href":"https:\/\/new.terrasdepena.com\/en\/wp-json\/wp\/v2\/pages"}],"about":[{"href":"https:\/\/new.terrasdepena.com\/en\/wp-json\/wp\/v2\/types\/page"}],"author":[{"embeddable":true,"href":"https:\/\/new.terrasdepena.com\/en\/wp-json\/wp\/v2\/users\/1"}],"replies":[{"embeddable":true,"href":"https:\/\/new.terrasdepena.com\/en\/wp-json\/wp\/v2\/comments?post=1575"}],"version-history":[{"count":19,"href":"https:\/\/new.terrasdepena.com\/en\/wp-json\/wp\/v2\/pages\/1575\/revisions"}],"predecessor-version":[{"id":1617,"href":"https:\/\/new.terrasdepena.com\/en\/wp-json\/wp\/v2\/pages\/1575\/revisions\/1617"}],"wp:attachment":[{"href":"https:\/\/new.terrasdepena.com\/en\/wp-json\/wp\/v2\/media?parent=1575"}],"curies":[{"name":"wp","href":"https:\/\/api.w.org\/{rel}","templated":true}]}}