{"id":1565,"date":"2025-11-07T13:34:27","date_gmt":"2025-11-07T13:34:27","guid":{"rendered":"https:\/\/new.terrasdepena.com\/?page_id=1565"},"modified":"2025-11-20T16:44:35","modified_gmt":"2025-11-20T16:44:35","slug":"estrutura-empresarial","status":"publish","type":"page","link":"https:\/\/new.terrasdepena.com\/en\/estrutura-empresarial\/","title":{"rendered":"Business Structure"},"content":{"rendered":"<div data-elementor-type=\"wp-page\" data-elementor-id=\"1565\" class=\"elementor elementor-1565\">\n\t\t\t\t\t\t<section class=\"elementor-section elementor-top-section elementor-element elementor-element-24f918b elementor-section-full_width elementor-section-height-default elementor-section-height-default\" data-id=\"24f918b\" data-element_type=\"section\">\n\t\t\t\t\t\t<div class=\"elementor-container elementor-column-gap-no\">\n\t\t\t\t\t<div class=\"elementor-column elementor-col-100 elementor-top-column elementor-element elementor-element-c77494c\" data-id=\"c77494c\" data-element_type=\"column\">\n\t\t\t<div class=\"elementor-widget-wrap elementor-element-populated\">\n\t\t\t\t\t\t<div class=\"elementor-element elementor-element-794f13e elementor-widget__width-initial elementor-widget elementor-widget-larson-intro\" data-id=\"794f13e\" data-element_type=\"widget\" data-widget_type=\"larson-intro.default\">\n\t\t\t\t<div class=\"elementor-widget-container\">\n\t\t\t\t\t\n\t\t<article class=\"article\">\n\t        <header class=\"article__header\">\n\t          <div class=\"container\">\n\t            \t            <h1 class=\"article__heading heading heading--size-large\">\n\t            \t<span >\n\t\t\t\t\t\tBusiness Structure\n\t\t\t\t\t<\/span>\n\t            <\/h1>\n\t            \t            \t            <div class=\"article__header-text\">\n\t            \t<span >\n\t\t\t\t\t\tGrupo Terras de Pena brings together a cohesive set of companies that share the same vision: sustainability, innovation and local value creation. Each project contributes in a complementary way to an integrated ecosystem where nature, hospitality and technology meet.\t\t\t\t\t<\/span>\n\t            <\/div>\n\t            \t          <\/div>\n\t        <\/header>\n\t        \t    <\/article>\n\n\t\t\t\t\t\t<\/div>\n\t\t\t\t<\/div>\n\t\t\t\t\t<\/div>\n\t\t<\/div>\n\t\t\t\t\t<\/div>\n\t\t<\/section>\n\t\t\t\t<section class=\"elementor-section elementor-top-section elementor-element elementor-element-8b9106f elementor-section-full_width elementor-section-height-default elementor-section-height-default\" data-id=\"8b9106f\" data-element_type=\"section\">\n\t\t\t\t\t\t<div class=\"elementor-container elementor-column-gap-no\">\n\t\t\t\t\t<div class=\"elementor-column elementor-col-100 elementor-top-column elementor-element elementor-element-9a77e79\" data-id=\"9a77e79\" data-element_type=\"column\">\n\t\t\t<div class=\"elementor-widget-wrap elementor-element-populated\">\n\t\t\t\t\t\t<div class=\"elementor-element elementor-element-b7249d4 elementor-widget elementor-widget-larson-services-list\" data-id=\"b7249d4\" data-element_type=\"widget\" data-widget_type=\"larson-services-list.default\">\n\t\t\t\t<div class=\"elementor-widget-container\">\n\t\t\t\t\t\n\t\t<div class=\"article__main container\">\n                    <section class=\"services-list\">\n          \t            <div class=\"services-list__item service-card\" data-aos=\"fade\">\n              <div class=\"service-card__inner\">\n                <div class=\"service-card__left\">\n                                    <div class=\"service-card__text\">\n                  \t<div >\n\t\t\t\t\t\t<p>Sustainable mountain hotel in Ribeira de Pena, ideal for guests seeking rest, nature and comfort.<\/p>\t\t\t\t\t<\/div>\n                  <\/div>\n                  \t\t\t\t                  <\/div>\n                <div class=\"service-card__right\">\n                                    <img decoding=\"async\" src=\"https:\/\/new.terrasdepena.com\/wp-content\/uploads\/2025\/11\/Pena-park-hotel-1920x1276.jpg\" alt=\"\" \/>\n                                    <div class=\"service-card__detail\">\n                                        <div class=\"service-card__tags\">\n                    \t<span >\n\t\t\t\t\t\t\tPena Park Hotel\t\t\t\t\t\t<\/span>\n                    <\/div>\n                                                            <h2 class=\"service-card__heading\">\n                    \t<span >\n\t\t\t\t\t\t\tHospitality\t\t\t\t\t\t<\/span>\n                    <\/h2>\n                                                            <a target=\"_blank\" rel=\"nofollow\" href=\"https:\/\/new.terrasdepena.com\/en\/pena-park-hotel\/\" class=\"service-card__link\">\n                      <span >\n\t\t\t\t\t\tKnow more\t\t\t\t\t  <\/span>\n                      <svg width=\"20\" height=\"20\">\n                        <use xlink:href=\"#chevron-right\"><\/use>\n                      <\/svg>\n                    <\/a>\n                                      <\/div>\n                <\/div>\n              <\/div>\n            <\/div>\n                        <div class=\"services-list__item service-card service-card--reverse\" data-aos=\"fade\">\n              <div class=\"service-card__inner\">\n                <div class=\"service-card__left\">\n                                    <div class=\"service-card__text\">\n                  \t<div >\n\t\t\t\t\t\t<p>Gastronomic brand with restaurants in Ribeira de Pena, Chaves and Lisbon, combining tradition and innovation. It also includes a line of own products with regional identity.<\/p>\t\t\t\t\t<\/div>\n                  <\/div>\n                  \t\t\t\t                  <\/div>\n                <div class=\"service-card__right\">\n                                    <img decoding=\"async\" src=\"https:\/\/new.terrasdepena.com\/wp-content\/uploads\/2025\/11\/biclaaque-1920x1276.jpg\" alt=\"\" \/>\n                                    <div class=\"service-card__detail\">\n                                        <div class=\"service-card__tags\">\n                    \t<span >\n\t\t\t\t\t\t\tBiclaque\t\t\t\t\t\t<\/span>\n                    <\/div>\n                                                            <h2 class=\"service-card__heading\">\n                    \t<span >\n\t\t\t\t\t\t\tRestaurants\t\t\t\t\t\t<\/span>\n                    <\/h2>\n                                                            <a href=\"https:\/\/new.terrasdepena.com\/en\/biclaque\/\" class=\"service-card__link\">\n                      <span >\n\t\t\t\t\t\tKnow more\t\t\t\t\t  <\/span>\n                      <svg width=\"20\" height=\"20\">\n                        <use xlink:href=\"#chevron-right\"><\/use>\n                      <\/svg>\n                    <\/a>\n                                      <\/div>\n                <\/div>\n              <\/div>\n            <\/div>\n                        <div class=\"services-list__item service-card\" data-aos=\"fade\">\n              <div class=\"service-card__inner\">\n                <div class=\"service-card__left\">\n                                    <div class=\"service-card__text\">\n                  \t<div >\n\t\t\t\t\t\t<p>Regenerative agriculture and hydroponics project focused on sustainable production and the value of local resources.<\/p>\t\t\t\t\t<\/div>\n                  <\/div>\n                  \t\t\t\t                  <\/div>\n                <div class=\"service-card__right\">\n                                    <img decoding=\"async\" src=\"https:\/\/new.terrasdepena.com\/wp-content\/uploads\/2025\/11\/pena-farm-1920x1276.jpg\" alt=\"\" \/>\n                                    <div class=\"service-card__detail\">\n                                        <div class=\"service-card__tags\">\n                    \t<span >\n\t\t\t\t\t\t\tPena Farm\t\t\t\t\t\t<\/span>\n                    <\/div>\n                                                            <h2 class=\"service-card__heading\">\n                    \t<span >\n\t\t\t\t\t\t\tAgriculture\t\t\t\t\t\t<\/span>\n                    <\/h2>\n                                                            <a href=\"https:\/\/new.terrasdepena.com\/en\/pena-farm\/\" class=\"service-card__link\">\n                      <span >\n\t\t\t\t\t\tKnow more\t\t\t\t\t  <\/span>\n                      <svg width=\"20\" height=\"20\">\n                        <use xlink:href=\"#chevron-right\"><\/use>\n                      <\/svg>\n                    <\/a>\n                                      <\/div>\n                <\/div>\n              <\/div>\n            <\/div>\n                        <div class=\"services-list__item service-card service-card--reverse\" data-aos=\"fade\">\n              <div class=\"service-card__inner\">\n                <div class=\"service-card__left\">\n                                    <div class=\"service-card__text\">\n                  \t<div >\n\t\t\t\t\t\t<p>Academy that promotes knowledge and qualification in the fields of energy, tourism and gastronomy.<\/p>\t\t\t\t\t<\/div>\n                  <\/div>\n                  \t\t\t\t                  <\/div>\n                <div class=\"service-card__right\">\n                                    <img decoding=\"async\" src=\"https:\/\/new.terrasdepena.com\/wp-content\/uploads\/2025\/11\/Xacademy-1-1920x1276.jpg\" alt=\"\" \/>\n                                    <div class=\"service-card__detail\">\n                                        <div class=\"service-card__tags\">\n                    \t<span >\n\t\t\t\t\t\t\tXAcademy\t\t\t\t\t\t<\/span>\n                    <\/div>\n                                                            <h2 class=\"service-card__heading\">\n                    \t<span >\n\t\t\t\t\t\t\tTraining\t\t\t\t\t\t<\/span>\n                    <\/h2>\n                                                            <a href=\"https:\/\/new.terrasdepena.com\/en\/xacademy\/\" class=\"service-card__link\">\n                      <span >\n\t\t\t\t\t\tKnow more\t\t\t\t\t  <\/span>\n                      <svg width=\"20\" height=\"20\">\n                        <use xlink:href=\"#chevron-right\"><\/use>\n                      <\/svg>\n                    <\/a>\n                                      <\/div>\n                <\/div>\n              <\/div>\n            <\/div>\n                        <div class=\"services-list__item service-card\" data-aos=\"fade\">\n              <div class=\"service-card__inner\">\n                <div class=\"service-card__left\">\n                                    <div class=\"service-card__text\">\n                  \t<div >\n\t\t\t\t\t\t<p>O <em data-start=\"23\" data-end=\"38\">Pena Snowland<\/em> \u00e9 o mais recente projeto do Grupo Terras de Pena e representa uma nova dimens\u00e3o no conceito de turismo e entretenimento em Portugal.<\/p>\t\t\t\t\t<\/div>\n                  <\/div>\n                  \t\t\t\t                  <\/div>\n                <div class=\"service-card__right\">\n                                    <img decoding=\"async\" src=\"https:\/\/new.terrasdepena.com\/wp-content\/uploads\/2025\/11\/PSL-1920x1276.jpg\" alt=\"\" \/>\n                                    <div class=\"service-card__detail\">\n                                        <div class=\"service-card__tags\">\n                    \t<span >\n\t\t\t\t\t\t\tPena Snow Land\t\t\t\t\t\t<\/span>\n                    <\/div>\n                                                            <h2 class=\"service-card__heading\">\n                    \t<span >\n\t\t\t\t\t\t\tEntretenimento\t\t\t\t\t\t<\/span>\n                    <\/h2>\n                                                            <a href=\"https:\/\/new.terrasdepena.com\/en\/pena-snow-land\/\" class=\"service-card__link\">\n                      <span >\n\t\t\t\t\t\tKnow more\t\t\t\t\t  <\/span>\n                      <svg width=\"20\" height=\"20\">\n                        <use xlink:href=\"#chevron-right\"><\/use>\n                      <\/svg>\n                    <\/a>\n                                      <\/div>\n                <\/div>\n              <\/div>\n            <\/div>\n                        <div class=\"services-list__item service-card service-card--reverse\" data-aos=\"fade\">\n              <div class=\"service-card__inner\">\n                <div class=\"service-card__left\">\n                                    <div class=\"service-card__text\">\n                  \t<div >\n\t\t\t\t\t\t<p>O\u00a0<strong>Park Academy<\/strong> \u00e9 o programa de voluntariado corporativo do Pena Park Hotel, criado com o objetivo de contribuir para o desenvolvimento pessoal, social e profissional dos jovens da comunidade local.<\/p>\t\t\t\t\t<\/div>\n                  <\/div>\n                  \t\t\t\t                  <\/div>\n                <div class=\"service-card__right\">\n                                    <img decoding=\"async\" src=\"https:\/\/new.terrasdepena.com\/wp-content\/uploads\/2025\/11\/Pa-1920x1266.png\" alt=\"\" \/>\n                                    <div class=\"service-card__detail\">\n                                        <div class=\"service-card__tags\">\n                    \t<span >\n\t\t\t\t\t\t\tPark Academy\t\t\t\t\t\t<\/span>\n                    <\/div>\n                                                            <h2 class=\"service-card__heading\">\n                    \t<span >\n\t\t\t\t\t\t\tVoluntariado\t\t\t\t\t\t<\/span>\n                    <\/h2>\n                                                            <a href=\"https:\/\/new.terrasdepena.com\/en\/park-academy\/\" class=\"service-card__link\">\n                      <span >\n\t\t\t\t\t\tKnow more\t\t\t\t\t  <\/span>\n                      <svg width=\"20\" height=\"20\">\n                        <use xlink:href=\"#chevron-right\"><\/use>\n                      <\/svg>\n                    <\/a>\n                                      <\/div>\n                <\/div>\n              <\/div>\n            <\/div>\n                      <\/section>\n                  <\/div>\n\n\t\t\t\t\t\t<\/div>\n\t\t\t\t<\/div>\n\t\t\t\t\t<\/div>\n\t\t<\/div>\n\t\t\t\t\t<\/div>\n\t\t<\/section>\n\t\t\t\t<\/div>\n\t\t\n    <div class=\"xs_social_share_widget xs_share_url after_content \t\tmain_content  wslu-style-1 wslu-share-box-shaped wslu-fill-colored wslu-none wslu-share-horizontal wslu-theme-font-no wslu-main_content\">\n\n\t\t\n        <ul>\n\t\t\t        <\/ul>\n    <\/div>","protected":false},"excerpt":{"rendered":"<p>Estrutura Empresarial O Grupo Terras de Pena \u00e9 formado por um conjunto coeso de empresas que partilham a mesma vis\u00e3o: sustentabilidade, inova\u00e7\u00e3o e valoriza\u00e7\u00e3o do territ\u00f3rio. Cada projeto contribui de forma complementar para um ecossistema integrado, onde natureza, hospitalidade e tecnologia se encontram. Hotel de montanha sustent\u00e1vel em Ribeira de&#8230; <\/p>\n<div class=\"readmore\"><a href=\"https:\/\/new.terrasdepena.com\/en\/estrutura-empresarial\/\" class=\"btn-link\">Read more<\/a><\/div>","protected":false},"author":1,"featured_media":0,"parent":0,"menu_order":0,"comment_status":"closed","ping_status":"closed","template":"template-elementor-default.php","meta":{"_acf_changed":false,"_eb_attr":"","postBodyCss":"","postBodyMargin":[],"postBodyPadding":[],"postBodyBackground":{"backgroundType":"classic","gradient":""},"footnotes":""},"class_list":["post-1565","page","type-page","status-publish","hentry"],"acf":[],"_links":{"self":[{"href":"https:\/\/new.terrasdepena.com\/en\/wp-json\/wp\/v2\/pages\/1565","targetHints":{"allow":["GET"]}}],"collection":[{"href":"https:\/\/new.terrasdepena.com\/en\/wp-json\/wp\/v2\/pages"}],"about":[{"href":"https:\/\/new.terrasdepena.com\/en\/wp-json\/wp\/v2\/types\/page"}],"author":[{"embeddable":true,"href":"https:\/\/new.terrasdepena.com\/en\/wp-json\/wp\/v2\/users\/1"}],"replies":[{"embeddable":true,"href":"https:\/\/new.terrasdepena.com\/en\/wp-json\/wp\/v2\/comments?post=1565"}],"version-history":[{"count":31,"href":"https:\/\/new.terrasdepena.com\/en\/wp-json\/wp\/v2\/pages\/1565\/revisions"}],"predecessor-version":[{"id":1944,"href":"https:\/\/new.terrasdepena.com\/en\/wp-json\/wp\/v2\/pages\/1565\/revisions\/1944"}],"wp:attachment":[{"href":"https:\/\/new.terrasdepena.com\/en\/wp-json\/wp\/v2\/media?parent=1565"}],"curies":[{"name":"wp","href":"https:\/\/api.w.org\/{rel}","templated":true}]}}